{"id":31,"date":"2024-07-12T18:29:21","date_gmt":"2024-07-12T16:29:21","guid":{"rendered":"https:\/\/techea.fr\/?page_id=31"},"modified":"2024-07-13T00:51:46","modified_gmt":"2024-07-12T22:51:46","slug":"nos-services","status":"publish","type":"page","link":"https:\/\/techea.fr\/index.php\/nos-services\/","title":{"rendered":"Nos services"},"content":{"rendered":"\n<p>Chez TECHEA nous avons \u00e0 coeur de proposer \u00e0 nos clients des prestations de qualit\u00e9, sur cette page vous trouverez tout nos services !<\/p>\n\n\n\n<figure class=\"wp-block-image size-full\"><img loading=\"lazy\" decoding=\"async\" width=\"1600\" height=\"900\" src=\"https:\/\/techea.fr\/wp-content\/uploads\/2024\/07\/Infogerance.jpg\" alt=\"\" class=\"wp-image-46\"\/><\/figure>\n\n\n\n<ul class=\"wp-block-list\">\n<li>Installation et suivi de votre parc informatique (postes, serveurs, logiciels, etc&#8230;)<\/li>\n\n\n\n<li>Mise en place de pare-feu<\/li>\n\n\n\n<li>Redondance internet (en cas de coupure fibre par exemple)<\/li>\n\n\n\n<li>S\u00e9curisation des r\u00e9seaux et VPN<\/li>\n\n\n\n<li>D\u00e9pannage<\/li>\n\n\n\n<li>Maintenance<\/li>\n<\/ul>\n","protected":false},"excerpt":{"rendered":"<p>Chez TECHEA nous avons \u00e0 coeur de proposer \u00e0 nos clients des prestations de qualit\u00e9, sur cette page vous trouverez tout nos services !<\/p>\n","protected":false},"author":1,"featured_media":0,"parent":0,"menu_order":0,"comment_status":"closed","ping_status":"closed","template":"","meta":{"footnotes":""},"class_list":["post-31","page","type-page","status-publish","hentry"],"_links":{"self":[{"href":"https:\/\/techea.fr\/index.php\/wp-json\/wp\/v2\/pages\/31","targetHints":{"allow":["GET"]}}],"collection":[{"href":"https:\/\/techea.fr\/index.php\/wp-json\/wp\/v2\/pages"}],"about":[{"href":"https:\/\/techea.fr\/index.php\/wp-json\/wp\/v2\/types\/page"}],"author":[{"embeddable":true,"href":"https:\/\/techea.fr\/index.php\/wp-json\/wp\/v2\/users\/1"}],"replies":[{"embeddable":true,"href":"https:\/\/techea.fr\/index.php\/wp-json\/wp\/v2\/comments?post=31"}],"version-history":[{"count":4,"href":"https:\/\/techea.fr\/index.php\/wp-json\/wp\/v2\/pages\/31\/revisions"}],"predecessor-version":[{"id":72,"href":"https:\/\/techea.fr\/index.php\/wp-json\/wp\/v2\/pages\/31\/revisions\/72"}],"wp:attachment":[{"href":"https:\/\/techea.fr\/index.php\/wp-json\/wp\/v2\/media?parent=31"}],"curies":[{"name":"wp","href":"https:\/\/api.w.org\/{rel}","templated":true}]}}